{"id":10254,"date":"2024-05-03T14:05:15","date_gmt":"2024-05-03T14:05:15","guid":{"rendered":"https:\/\/www.kidzz.ba\/?post_type=product&#038;p=10254"},"modified":"2025-06-16T08:52:40","modified_gmt":"2025-06-16T08:52:40","slug":"bibs-studio-morning-bloom-ivory-vel-1","status":"publish","type":"product","link":"https:\/\/www.kidzz.ba\/?product=bibs-studio-morning-bloom-ivory-vel-1","title":{"rendered":"Bibs Studio Morning bloom Ivory vel. 1"},"content":{"rendered":"<pre id=\"tw-target-text\" class=\"tw-data-text tw-text-large tw-ta\" dir=\"ltr\" data-placeholder=\"Prijevod\" aria-label=\"Prevedeni tekst\" data-ved=\"2ahUKEwiPmoS0zvGFAxU9RvEDHeHVBHQQ3ewLegQIERAU\"><span class=\"Y2IQFc\" lang=\"bs\">BIBS Studio omogu\u0107ava roditeljima da iska\u017eu svoj jedinstveni stil dok brinu o svojim mali\u0161anima. \r\nInspirisana najnovijim modnim trendovima i inovativnim dizajnom, BIBS Studio kolekcija eksperimenti\u0161e sa printovima, \r\ndizajnom i funkcionalno\u0161\u0107u, poma\u017eu\u0107i da se redefini\u0161e kako moderno roditeljstvo mo\u017ee izgledati i ose\u0107ati se.\r\n\r\nBIBS Studio kolekcija za:\r\n\u2022 Svje\u017ei pogled na moderne proizvode za bebe, gdje se inovacija susre\u0107e sa stilom\r\n\u2022 Inspirisan najnovijim dizajnom i modnim trendovima\r\n\u2022 Kreiran od ekskluzive sa renomiranim francuskim dizajnerom \u0161tampe Glitter Power Club<\/span><\/pre>\n","protected":false},"excerpt":{"rendered":"<p>BIBS Studio omogu\u0107ava roditeljima da iska\u017eu svoj jedinstveni stil dok brinu o svojim mali\u0161anima. Inspirisana najnovijim modnim trendovima i inovativnim<\/p>\n","protected":false},"featured_media":10255,"comment_status":"open","ping_status":"closed","template":"","meta":[],"product_cat":[320,244,326,301],"product_tag":[],"_links":{"self":[{"href":"https:\/\/www.kidzz.ba\/index.php?rest_route=\/wp\/v2\/product\/10254"}],"collection":[{"href":"https:\/\/www.kidzz.ba\/index.php?rest_route=\/wp\/v2\/product"}],"about":[{"href":"https:\/\/www.kidzz.ba\/index.php?rest_route=\/wp\/v2\/types\/product"}],"replies":[{"embeddable":true,"href":"https:\/\/www.kidzz.ba\/index.php?rest_route=%2Fwp%2Fv2%2Fcomments&post=10254"}],"wp:featuredmedia":[{"embeddable":true,"href":"https:\/\/www.kidzz.ba\/index.php?rest_route=\/wp\/v2\/media\/10255"}],"wp:attachment":[{"href":"https:\/\/www.kidzz.ba\/index.php?rest_route=%2Fwp%2Fv2%2Fmedia&parent=10254"}],"wp:term":[{"taxonomy":"product_cat","embeddable":true,"href":"https:\/\/www.kidzz.ba\/index.php?rest_route=%2Fwp%2Fv2%2Fproduct_cat&post=10254"},{"taxonomy":"product_tag","embeddable":true,"href":"https:\/\/www.kidzz.ba\/index.php?rest_route=%2Fwp%2Fv2%2Fproduct_tag&post=10254"}],"curies":[{"name":"wp","href":"https:\/\/api.w.org\/{rel}","templated":true}]}}