{"id":10816,"date":"2024-07-05T09:58:33","date_gmt":"2024-07-05T09:58:33","guid":{"rendered":"https:\/\/www.kidzz.ba\/?post_type=product&#038;p=10816"},"modified":"2026-03-12T08:56:52","modified_gmt":"2026-03-12T08:56:52","slug":"fotoaparat-artist-oat-hoppstar","status":"publish","type":"product","link":"https:\/\/www.kidzz.ba\/?product=fotoaparat-artist-oat-hoppstar","title":{"rendered":"Fotoaparat Artist Oat &#8211; Hoppstar"},"content":{"rendered":"<p>Snimite fotografije i odmah ispi\u0161ite slike!<\/p>\n<p>Za samo 3 sekunde imate svoju crno-bijelu fotografiju pred sobom, mo\u017eete je obojati, proslijediti, diviti joj se itd.<\/p>\n<p>Hoppstar Artist tako\u0111er nudi: okvire za fotografije, filtere za fotografije, 12 MP kameru, stra\u017enju selfie kameru, video funkciju i jo\u0161 mnogo toga!<\/p>\n<p>Certificirana kvaliteta: CE, EN71, RoHS, CCC, MA.<\/p>\n<p>Preporu\u010dena dob: od 5 godina<br \/>\nVeli\u010dina: 13,3 x 9,6 x 4,6 cm<br \/>\nTe\u017eina: 230 grama<br \/>\nVrijeme punjenja baterije: oko 2,5 sata<br \/>\nCrno-bijela fotografija umjetnika Hoppstara velika je cca. 8 x 5 cm<br \/>\nDodaci:<\/p>\n<p>Auto fokus<br \/>\nAutomatski balans bijele boje<br \/>\nAutomatski ISO balans<br \/>\nAutomatska korekcija boja<br \/>\nAutomatska korekcija svjetline<br \/>\nPrepoznavanje lica<br \/>\nMnogo razli\u010ditih jezika izbornika<br \/>\n\u0160to je uklju\u010deno?<\/p>\n<p>fotoaparat<br \/>\n3 rezervne role papira za ispis (bez BPA i BPS)<br \/>\nMemorijska kartica od 16 GB<br \/>\n1x Type-C adapter<br \/>\n1x micro-USB adapter<br \/>\npodatkovni kabel<br \/>\nUpute za kori\u0161tenje<br \/>\nkabel za no\u0161enje<br \/>\nVa\u017ene bilje\u0161ke:<\/p>\n<p>\u010cistite digitalni fotoaparat samo blago vla\u017enom krpom. Nikada ne ostavljajte svoj digitalni fotoaparat na izravnoj sun\u010devoj svjetlosti ili blizu izvora topline. Dr\u017eite digitalni fotoaparat dalje od vlage i ne dopustite da voda dospije na njega. Digitalni fotoaparat se ne mo\u017ee koristiti u ili pod vodom! Ako je mogu\u0107e, izbjegavajte ispu\u0161tanje digitalnog fotoaparata na tvrde povr\u0161ine. Hoppstar kamere smiju se koristiti samo pod nadzorom odrasle osobe. Ne u\u010ditavajte fotografije ili videodatoteke snimljene drugim fotoaparatima na Hoppstar dje\u010dju kameru. Redovito provjeravajte ima li o\u0161te\u0107enja na obrazovnoj igra\u010dki. Nikada sami ne otvarajte proizvod. Popravke smije izvoditi samo kvalificirano osoblje.<\/p>\n","protected":false},"excerpt":{"rendered":"<p>Snimite fotografije i odmah ispi\u0161ite slike! Za samo 3 sekunde imate svoju crno-bijelu fotografiju pred sobom, mo\u017eete je obojati, proslijediti,<\/p>\n","protected":false},"featured_media":10817,"comment_status":"open","ping_status":"closed","template":"","meta":[],"product_cat":[244,402,401,337,329],"product_tag":[],"_links":{"self":[{"href":"https:\/\/www.kidzz.ba\/index.php?rest_route=\/wp\/v2\/product\/10816"}],"collection":[{"href":"https:\/\/www.kidzz.ba\/index.php?rest_route=\/wp\/v2\/product"}],"about":[{"href":"https:\/\/www.kidzz.ba\/index.php?rest_route=\/wp\/v2\/types\/product"}],"replies":[{"embeddable":true,"href":"https:\/\/www.kidzz.ba\/index.php?rest_route=%2Fwp%2Fv2%2Fcomments&post=10816"}],"wp:featuredmedia":[{"embeddable":true,"href":"https:\/\/www.kidzz.ba\/index.php?rest_route=\/wp\/v2\/media\/10817"}],"wp:attachment":[{"href":"https:\/\/www.kidzz.ba\/index.php?rest_route=%2Fwp%2Fv2%2Fmedia&parent=10816"}],"wp:term":[{"taxonomy":"product_cat","embeddable":true,"href":"https:\/\/www.kidzz.ba\/index.php?rest_route=%2Fwp%2Fv2%2Fproduct_cat&post=10816"},{"taxonomy":"product_tag","embeddable":true,"href":"https:\/\/www.kidzz.ba\/index.php?rest_route=%2Fwp%2Fv2%2Fproduct_tag&post=10816"}],"curies":[{"name":"wp","href":"https:\/\/api.w.org\/{rel}","templated":true}]}}