{"id":10905,"date":"2024-07-16T13:31:05","date_gmt":"2024-07-16T13:31:05","guid":{"rendered":"https:\/\/www.kidzz.ba\/?post_type=product&#038;p=10905"},"modified":"2025-12-12T08:14:57","modified_gmt":"2025-12-12T08:14:57","slug":"edukativni-paket-tooky-toy","status":"publish","type":"product","link":"https:\/\/www.kidzz.ba\/?product=edukativni-paket-tooky-toy","title":{"rendered":"Edukativni paket  &#8211; Tooky Toy"},"content":{"rendered":"<pre id=\"tw-target-text\" class=\"tw-data-text tw-text-large tw-ta\" dir=\"ltr\" data-placeholder=\"Prijevod\" aria-label=\"Prevedeni tekst\" data-ved=\"2ahUKEwja4K7o1KuHAxX0SvEDHcS6DNQQ3ewLegQIERAU\"><span class=\"Y2IQFc\" lang=\"bs\">Montessori igra\u010daka namenjenih bebama od 12-18 meseci, koja uklju\u010duje 6 osnovnih igra\u010daka (slagalica oblika, \r\n\u0161olje za slaganje, klupa za funtu, 3 u 1 edukativna kutija, slikovnica, drvena slaga\u010d ) za podr\u0161ku senzornom \r\nrazvoju va\u0161e bebe u razli\u010ditim fazama.\r\n\ud83c\udf81 UPUTSTVO ZA UPOTREBU - Montessori set igra\u010daka dolazi sa vodi\u010dem za roditelje, pru\u017ea uvod u funkcije proizvoda i \r\n\"kako se igrati\". Mo\u017ee pomo\u0107i bebama da istra\u017ee svoju okolinu.\r\n\ud83c\udf81 EDUKATIVNA KUTIJA - Pogodan za bebe u njihovoj radoznaloj fazi, ovaj edukativni set igra\u010daka mo\u017ee razviti vje\u0161tine\r\n u razli\u010ditim fazama, kao \u0161to su vid, zvuk, dodir, motori\u010dke vje\u0161tine, rje\u0161avanje problema, socijalno emocionalno i \r\nlogi\u010dko razmi\u0161ljanje.\r\n\ud83c\udf81 SIGURNE I IZDR\u017dLJIVE - Na\u0161e drvene Montessori igra\u010dke su napravljene od prirodnog drveta i premazane glatkom, \r\nnetoksi\u010dnom vodenom bojom. Glatka povr\u0161ina i zaobljene ivice osiguravaju sigurnost djece.\r\n\ud83c\udf81 SET ZA BEBU - Iznenadite novope\u010dene roditelje bebom, ro\u0111endanom ili posebnom prilikom. \r\nOvaj senzorni set Montessori igra\u010daka je izuzetna edukativna igra\u010dka za novoro\u0111en\u010dad, dojen\u010dad i malu djecu.<\/span><\/pre>\n","protected":false},"excerpt":{"rendered":"<p>Montessori igra\u010daka namenjenih bebama od 12-18 meseci, koja uklju\u010duje 6 osnovnih igra\u010daka (slagalica oblika, \u0161olje za slaganje, klupa za funtu,<\/p>\n","protected":false},"featured_media":10906,"comment_status":"open","ping_status":"closed","template":"","meta":[],"product_cat":[244,341,304,359,300,329,319],"product_tag":[],"_links":{"self":[{"href":"https:\/\/www.kidzz.ba\/index.php?rest_route=\/wp\/v2\/product\/10905"}],"collection":[{"href":"https:\/\/www.kidzz.ba\/index.php?rest_route=\/wp\/v2\/product"}],"about":[{"href":"https:\/\/www.kidzz.ba\/index.php?rest_route=\/wp\/v2\/types\/product"}],"replies":[{"embeddable":true,"href":"https:\/\/www.kidzz.ba\/index.php?rest_route=%2Fwp%2Fv2%2Fcomments&post=10905"}],"wp:featuredmedia":[{"embeddable":true,"href":"https:\/\/www.kidzz.ba\/index.php?rest_route=\/wp\/v2\/media\/10906"}],"wp:attachment":[{"href":"https:\/\/www.kidzz.ba\/index.php?rest_route=%2Fwp%2Fv2%2Fmedia&parent=10905"}],"wp:term":[{"taxonomy":"product_cat","embeddable":true,"href":"https:\/\/www.kidzz.ba\/index.php?rest_route=%2Fwp%2Fv2%2Fproduct_cat&post=10905"},{"taxonomy":"product_tag","embeddable":true,"href":"https:\/\/www.kidzz.ba\/index.php?rest_route=%2Fwp%2Fv2%2Fproduct_tag&post=10905"}],"curies":[{"name":"wp","href":"https:\/\/api.w.org\/{rel}","templated":true}]}}