{"id":11729,"date":"2024-11-29T15:52:41","date_gmt":"2024-11-29T15:52:41","guid":{"rendered":"https:\/\/www.kidzz.ba\/?post_type=product&#038;p=11729"},"modified":"2025-06-16T07:13:27","modified_gmt":"2025-06-16T07:13:27","slug":"casa-farma-little-dutch","status":"publish","type":"product","link":"https:\/\/www.kidzz.ba\/?product=casa-farma-little-dutch","title":{"rendered":"\u010ca\u0161a Farma &#8211; Little Dutch"},"content":{"rendered":"<p>Karakteristike:<\/p>\n<p>Materijal: plastika<br \/>\nKapacitet: 250 ml<br \/>\n7,5\u00d77,5\u00d79,1 cm<br \/>\nPrikladna za dob: 9m+<br \/>\nBPA free<\/p>\n<p>Dishwasher safe Pogodno za ma\u0161inu su\u0111a<br \/>\nNot freezer safe Nije pogodno za zamrziva\u010d<br \/>\nNot microwave safe Nije prikladno za mikrovalnu<br \/>\nSuitable for contact with food Pogodno za hranu<br \/>\n0% BPA 0% BPA<\/p>\n","protected":false},"excerpt":{"rendered":"<p>Karakteristike: Materijal: plastika Kapacitet: 250 ml 7,5\u00d77,5\u00d79,1 cm Prikladna za dob: 9m+ BPA free Dishwasher safe Pogodno za ma\u0161inu su\u0111a<\/p>\n","protected":false},"featured_media":11730,"comment_status":"open","ping_status":"closed","template":"","meta":[],"product_cat":[244,301,386,309],"product_tag":[],"_links":{"self":[{"href":"https:\/\/www.kidzz.ba\/index.php?rest_route=\/wp\/v2\/product\/11729"}],"collection":[{"href":"https:\/\/www.kidzz.ba\/index.php?rest_route=\/wp\/v2\/product"}],"about":[{"href":"https:\/\/www.kidzz.ba\/index.php?rest_route=\/wp\/v2\/types\/product"}],"replies":[{"embeddable":true,"href":"https:\/\/www.kidzz.ba\/index.php?rest_route=%2Fwp%2Fv2%2Fcomments&post=11729"}],"wp:featuredmedia":[{"embeddable":true,"href":"https:\/\/www.kidzz.ba\/index.php?rest_route=\/wp\/v2\/media\/11730"}],"wp:attachment":[{"href":"https:\/\/www.kidzz.ba\/index.php?rest_route=%2Fwp%2Fv2%2Fmedia&parent=11729"}],"wp:term":[{"taxonomy":"product_cat","embeddable":true,"href":"https:\/\/www.kidzz.ba\/index.php?rest_route=%2Fwp%2Fv2%2Fproduct_cat&post=11729"},{"taxonomy":"product_tag","embeddable":true,"href":"https:\/\/www.kidzz.ba\/index.php?rest_route=%2Fwp%2Fv2%2Fproduct_tag&post=11729"}],"curies":[{"name":"wp","href":"https:\/\/api.w.org\/{rel}","templated":true}]}}