{"id":11771,"date":"2024-11-30T13:48:33","date_gmt":"2024-11-30T13:48:33","guid":{"rendered":"https:\/\/www.kidzz.ba\/?post_type=product&#038;p=11771"},"modified":"2026-03-12T08:55:16","modified_gmt":"2026-03-12T08:55:16","slug":"kocke-piramida-farma-little-dutch","status":"publish","type":"product","link":"https:\/\/www.kidzz.ba\/?product=kocke-piramida-farma-little-dutch","title":{"rendered":"Kocke Piramida Farma &#8211; Little Dutch"},"content":{"rendered":"<pre id=\"tw-target-text\" class=\"tw-data-text tw-text-large tw-ta\" dir=\"ltr\" data-placeholder=\"Prijevod\" data-ved=\"2ahUKEwj05vLGlISKAxXNSfEDHV1yE4IQ3ewLegQIDhAU\" aria-label=\"Prevedeni tekst: Besplatan poklon uz svaku narud\u017ebu Naru\u010deno danas, otpremljeno sutra! Pure &amp; Caring Slo\u017eite dijelove pravim redoslijedom pomo\u0107u ovog modernog tornja za slaganje iz kolekcije Little Farm od Little Dutch. Ova igra\u010dka na razigran na\u010din stimuli\u0161e koordinaciju ruku i o\u010diju i fine motori\u010dke sposobnosti va\u0161eg djeteta. Toranj za slaganje na temu farme tako\u0111er je zabavan dodatak za dje\u010dju sobu!\"><span class=\"Y2IQFc\" lang=\"bs\">Slo\u017eite dijelove pravim redoslijedom pomo\u0107u ovog modernog tornja za slaganje iz kolekcije Little Farm od Little Dutch.\r\n Ova igra\u010dka na razigran na\u010din stimuli\u0161e koordinaciju ruku i o\u010diju i fine motori\u010dke sposobnosti va\u0161eg djeteta. \r\nToranj za slaganje na temu farme tako\u0111er je zabavan dodatak za dje\u010dju sobu!<\/span><\/pre>\n","protected":false},"excerpt":{"rendered":"<p>Slo\u017eite dijelove pravim redoslijedom pomo\u0107u ovog modernog tornja za slaganje iz kolekcije Little Farm od Little Dutch. Ova igra\u010dka na<\/p>\n","protected":false},"featured_media":11842,"comment_status":"open","ping_status":"closed","template":"","meta":[],"product_cat":[244,300,307,386],"product_tag":[],"_links":{"self":[{"href":"https:\/\/www.kidzz.ba\/index.php?rest_route=\/wp\/v2\/product\/11771"}],"collection":[{"href":"https:\/\/www.kidzz.ba\/index.php?rest_route=\/wp\/v2\/product"}],"about":[{"href":"https:\/\/www.kidzz.ba\/index.php?rest_route=\/wp\/v2\/types\/product"}],"replies":[{"embeddable":true,"href":"https:\/\/www.kidzz.ba\/index.php?rest_route=%2Fwp%2Fv2%2Fcomments&post=11771"}],"wp:featuredmedia":[{"embeddable":true,"href":"https:\/\/www.kidzz.ba\/index.php?rest_route=\/wp\/v2\/media\/11842"}],"wp:attachment":[{"href":"https:\/\/www.kidzz.ba\/index.php?rest_route=%2Fwp%2Fv2%2Fmedia&parent=11771"}],"wp:term":[{"taxonomy":"product_cat","embeddable":true,"href":"https:\/\/www.kidzz.ba\/index.php?rest_route=%2Fwp%2Fv2%2Fproduct_cat&post=11771"},{"taxonomy":"product_tag","embeddable":true,"href":"https:\/\/www.kidzz.ba\/index.php?rest_route=%2Fwp%2Fv2%2Fproduct_tag&post=11771"}],"curies":[{"name":"wp","href":"https:\/\/api.w.org\/{rel}","templated":true}]}}