{"id":12159,"date":"2024-12-23T14:46:08","date_gmt":"2024-12-23T14:46:08","guid":{"rendered":"https:\/\/www.kidzz.ba\/?post_type=product&#038;p=12159"},"modified":"2025-09-04T13:16:23","modified_gmt":"2025-09-04T13:16:23","slug":"duo-puzzle-vecera-je-spremna-djeco","status":"publish","type":"product","link":"https:\/\/www.kidzz.ba\/?product=duo-puzzle-vecera-je-spremna-djeco","title":{"rendered":"Duo Puzzle &#8220;Ko \u0161ta jede?&#8221; &#8211; Djeco"},"content":{"rendered":"<p>Ve\u010dera je spremna ! Ovaj istovremeno zabavni, ali i pou\u010dni set, je sastavljen od 10 slagalica sa po 2 dijela. Dijete \u0107e kroz sli\u010dice spajati \u017eivotinjice sa odgovaraju\u0107om hranom, te tako pored usavr\u0161avanja motori\u010dkih pokreta i u\u010diti prepoznavati \u017eivotinje i ono \u010dime se hrane, te \u0161iriti vokabular. Raznobojne puzzle i simpati\u010dni likovi na njima su sjajna prilika i za zabavu i za u\u010denje!<\/p>\n<p>&nbsp;<\/p>\n<p>Preporu\u010deno za uzrast: 2+<\/p>\n","protected":false},"excerpt":{"rendered":"<p>Ve\u010dera je spremna ! Ovaj istovremeno zabavni, ali i pou\u010dni set, je sastavljen od 10 slagalica sa po 2 dijela.<\/p>\n","protected":false},"featured_media":12287,"comment_status":"open","ping_status":"closed","template":"","meta":[],"product_cat":[244,358,372],"product_tag":[],"_links":{"self":[{"href":"https:\/\/www.kidzz.ba\/index.php?rest_route=\/wp\/v2\/product\/12159"}],"collection":[{"href":"https:\/\/www.kidzz.ba\/index.php?rest_route=\/wp\/v2\/product"}],"about":[{"href":"https:\/\/www.kidzz.ba\/index.php?rest_route=\/wp\/v2\/types\/product"}],"replies":[{"embeddable":true,"href":"https:\/\/www.kidzz.ba\/index.php?rest_route=%2Fwp%2Fv2%2Fcomments&post=12159"}],"wp:featuredmedia":[{"embeddable":true,"href":"https:\/\/www.kidzz.ba\/index.php?rest_route=\/wp\/v2\/media\/12287"}],"wp:attachment":[{"href":"https:\/\/www.kidzz.ba\/index.php?rest_route=%2Fwp%2Fv2%2Fmedia&parent=12159"}],"wp:term":[{"taxonomy":"product_cat","embeddable":true,"href":"https:\/\/www.kidzz.ba\/index.php?rest_route=%2Fwp%2Fv2%2Fproduct_cat&post=12159"},{"taxonomy":"product_tag","embeddable":true,"href":"https:\/\/www.kidzz.ba\/index.php?rest_route=%2Fwp%2Fv2%2Fproduct_tag&post=12159"}],"curies":[{"name":"wp","href":"https:\/\/api.w.org\/{rel}","templated":true}]}}