{"id":12208,"date":"2024-12-24T11:25:20","date_gmt":"2024-12-24T11:25:20","guid":{"rendered":"https:\/\/www.kidzz.ba\/?post_type=product&#038;p=12208"},"modified":"2026-03-12T08:44:58","modified_gmt":"2026-03-12T08:44:58","slug":"edukativna-igra-topanicar-djeco","status":"publish","type":"product","link":"https:\/\/www.kidzz.ba\/?product=edukativna-igra-topanicar-djeco","title":{"rendered":"TopaniCar &#8211; Djeco Edukativna igra"},"content":{"rendered":"<p>Kula za slaganje bi\u0107e igra\u010dka koja prati razli\u010dite faze razvoja kod djeteta.<\/p>\n<p>Poslu\u017ei\u0107e za ru\u0161enje, kasnije za u\u010denje veli\u010dina, imenovanje pojmova iscrtanih na njima i prvo zajedni\u010dko pri\u010danje pri\u010da.<\/p>\n<p>Za po\u010detak dijete u\u010di razlike u veli\u010dinama gledaju\u0107i i sortiraju\u0107i kutije jednu na drugu.<\/p>\n<p>Kula za slaganje oslikana je ilustracijama brojeva, slu\u017ebenih vozila i razli\u010ditih zanimanja, \u0161to je dobra ideja da pokrenete razgovor sa djetetom o novim pojmovima i udjete u novu razvojnu fazu.<\/p>\n<p>TopaniCar set idealan je za ro\u0111endane, posebne prilike ali i kao poklon iznena\u0111enja.<\/p>\n<p>A za male ljubitelje auti\u0107a, 3 razli\u010dita slu\u017ebena vozila su tu i mo\u017eete ih parkirati u njihove gara\u017eice, jer su na kutijama oslikane bolnica, vatrogasna i policijska stanica!<\/p>\n","protected":false},"excerpt":{"rendered":"<p>Kula za slaganje bi\u0107e igra\u010dka koja prati razli\u010dite faze razvoja kod djeteta. Poslu\u017ei\u0107e za ru\u0161enje, kasnije za u\u010denje veli\u010dina, imenovanje<\/p>\n","protected":false},"featured_media":12209,"comment_status":"open","ping_status":"closed","template":"","meta":[],"product_cat":[335,244,358,359,300,307],"product_tag":[],"_links":{"self":[{"href":"https:\/\/www.kidzz.ba\/index.php?rest_route=\/wp\/v2\/product\/12208"}],"collection":[{"href":"https:\/\/www.kidzz.ba\/index.php?rest_route=\/wp\/v2\/product"}],"about":[{"href":"https:\/\/www.kidzz.ba\/index.php?rest_route=\/wp\/v2\/types\/product"}],"replies":[{"embeddable":true,"href":"https:\/\/www.kidzz.ba\/index.php?rest_route=%2Fwp%2Fv2%2Fcomments&post=12208"}],"wp:featuredmedia":[{"embeddable":true,"href":"https:\/\/www.kidzz.ba\/index.php?rest_route=\/wp\/v2\/media\/12209"}],"wp:attachment":[{"href":"https:\/\/www.kidzz.ba\/index.php?rest_route=%2Fwp%2Fv2%2Fmedia&parent=12208"}],"wp:term":[{"taxonomy":"product_cat","embeddable":true,"href":"https:\/\/www.kidzz.ba\/index.php?rest_route=%2Fwp%2Fv2%2Fproduct_cat&post=12208"},{"taxonomy":"product_tag","embeddable":true,"href":"https:\/\/www.kidzz.ba\/index.php?rest_route=%2Fwp%2Fv2%2Fproduct_tag&post=12208"}],"curies":[{"name":"wp","href":"https:\/\/api.w.org\/{rel}","templated":true}]}}