{"id":12558,"date":"2025-02-28T11:38:29","date_gmt":"2025-02-28T11:38:29","guid":{"rendered":"https:\/\/www.kidzz.ba\/?post_type=product&#038;p=12558"},"modified":"2025-03-15T08:56:41","modified_gmt":"2025-03-15T08:56:41","slug":"kasa-sa-zvukom-johntoy","status":"publish","type":"product","link":"https:\/\/www.kidzz.ba\/?product=kasa-sa-zvukom-johntoy","title":{"rendered":"Kasa sa zvukom- Johntoy"},"content":{"rendered":"<pre id=\"tw-target-text\" class=\"tw-data-text tw-text-large tw-ta\" dir=\"ltr\" data-placeholder=\"Prijevod\" data-ved=\"2ahUKEwjPoMXvk-aLAxXFqP0HHd4jIGoQ3ewLegQICxAV\" aria-label=\"Prevedeni tekst: Opis Platite svoje namirnice uz ku\u0107nu i \u0161oping kasu igra\u010daka sa svjetlom i zvukom. Skenirajte proizvode realisti\u010dnim skenerom bar kodova koji proizvodi pravi zvuk i svjetlost. Ladicu za gotovinu mo\u017eete otvoriti velikim crvenim dugmetom i ubaciti isporu\u010denu kreditnu karticu kroz otvor na kasi. Kasa dolazi sa kovanicama i nov\u010danicama i radi na 2 x AA baterije (nisu uklju\u010dene). Pro\u010ditajte vi\u0161e Specifikacije \u0160ifra artikla: 2599895 Dimenzija artikla: 19 x 15 x 10 cm Dimenzija pakovanja: 22 x 18 x 16 cm Potrebne baterije: 2x Philips Battery R6 AA Long Life (1999914) Pogodno za: Od 3 godine EAN kod: 8711866275977 Cijena u eurima: isklj. PDV i bez PDV-a tro\u0161kovi dostave Marka: Johntoy Materijal: plastika\"><span class=\"Y2IQFc\" lang=\"bs\">Platite svoje namirnice uz ku\u0107nu i \u0161oping kasu igra\u010daka sa svjetlom i zvukom. \r\nSkenirajte proizvode realisti\u010dnim skenerom bar kodova koji proizvodi pravi zvuk i svjetlost. \r\nLadicu za gotovinu mo\u017eete otvoriti velikim crvenim dugmetom i ubaciti isporu\u010denu kreditnu karticu kroz otvor na kasi.\r\n Kasa dolazi sa kovanicama i nov\u010danicama i radi na 2 x AA baterije (nisu uklju\u010dene).\r\n\r\nSpecifikacije\r\n\u0160ifra artikla: 2599895\r\nDimenzija artikla: 19 x 15 x 10 cm\r\nDimenzija pakovanja: 22 x 18 x 16 cm\r\nPotrebne baterije\r\nPogodno za: Od 3 godine\r\nMarka: Johntoy\r\nMaterijal: plastika<\/span><\/pre>\n","protected":false},"excerpt":{"rendered":"<p>Platite svoje namirnice uz ku\u0107nu i \u0161oping kasu igra\u010daka sa svjetlom i zvukom. Skenirajte proizvode realisti\u010dnim skenerom bar kodova koji<\/p>\n","protected":false},"featured_media":12583,"comment_status":"open","ping_status":"closed","template":"","meta":[],"product_cat":[244,359,300,352,412],"product_tag":[],"_links":{"self":[{"href":"https:\/\/www.kidzz.ba\/index.php?rest_route=\/wp\/v2\/product\/12558"}],"collection":[{"href":"https:\/\/www.kidzz.ba\/index.php?rest_route=\/wp\/v2\/product"}],"about":[{"href":"https:\/\/www.kidzz.ba\/index.php?rest_route=\/wp\/v2\/types\/product"}],"replies":[{"embeddable":true,"href":"https:\/\/www.kidzz.ba\/index.php?rest_route=%2Fwp%2Fv2%2Fcomments&post=12558"}],"wp:featuredmedia":[{"embeddable":true,"href":"https:\/\/www.kidzz.ba\/index.php?rest_route=\/wp\/v2\/media\/12583"}],"wp:attachment":[{"href":"https:\/\/www.kidzz.ba\/index.php?rest_route=%2Fwp%2Fv2%2Fmedia&parent=12558"}],"wp:term":[{"taxonomy":"product_cat","embeddable":true,"href":"https:\/\/www.kidzz.ba\/index.php?rest_route=%2Fwp%2Fv2%2Fproduct_cat&post=12558"},{"taxonomy":"product_tag","embeddable":true,"href":"https:\/\/www.kidzz.ba\/index.php?rest_route=%2Fwp%2Fv2%2Fproduct_tag&post=12558"}],"curies":[{"name":"wp","href":"https:\/\/api.w.org\/{rel}","templated":true}]}}