{"id":3911,"date":"2022-09-21T12:18:16","date_gmt":"2022-09-21T12:18:16","guid":{"rendered":"https:\/\/www.kidzz.ba\/novi\/?post_type=product&#038;p=3911"},"modified":"2026-02-05T14:28:23","modified_gmt":"2026-02-05T14:28:23","slug":"vreca-za-spavanje-smilelove-velicina-l","status":"publish","type":"product","link":"https:\/\/www.kidzz.ba\/?product=vreca-za-spavanje-smilelove-velicina-l","title":{"rendered":"Vre\u0107a za spavanje Smilelove veli\u010dina L"},"content":{"rendered":"<p>VRE\u0106A ZA SPAVANJE- ovaj model vre\u0107e za spavanje ima otvore za stopala, pa se djeca slobodno kre\u0107u u njoj. Otvori omogu\u0107avaju vre\u0107i da se kre\u0107e i sa tijelom djeteta dok spava, pa je djeca rado koriste zbog osje\u0107aja slobode pokreta i nema mogu\u0107nosti da u njoj bude prevru\u0107e.<\/p>\n<p>Prednost ovog modela i njegove optimalne ebljine ( dva sloja pamu\u010dnog platna) jest da se vre\u0107a mo\u0111e koristiti tokom cijele godine, a dodatna se debljina i iskoristivnost proizvda reguli\u0161e slojevima garderobe ispod nje u smislu da se zimi mo\u017ee nositi deblja pid\u017eama, a ljeti se vre\u0107a za spavanje mo\u017ee koristiti samostalno i bez slojeva odje\u0107e ispod nje.<\/p>\n<p>&nbsp;<\/p>\n<p>Proizvodi se od \u010distog pamuka.<\/p>\n<p>&nbsp;<\/p>\n<p>Veli\u010dina L je za uzrast od 3 do 5 godina, du\u017eina 90 cm, konfenkcijska veli\u010dina od 98 do 110.<\/p>\n","protected":false},"excerpt":{"rendered":"<p>VRE\u0106A ZA SPAVANJE- ovaj model vre\u0107e za spavanje ima otvore za stopala, pa se djeca slobodno kre\u0107u u njoj. Otvori<\/p>\n","protected":false},"featured_media":7378,"comment_status":"closed","ping_status":"closed","template":"","meta":[],"product_cat":[337,350],"product_tag":[],"_links":{"self":[{"href":"https:\/\/www.kidzz.ba\/index.php?rest_route=\/wp\/v2\/product\/3911"}],"collection":[{"href":"https:\/\/www.kidzz.ba\/index.php?rest_route=\/wp\/v2\/product"}],"about":[{"href":"https:\/\/www.kidzz.ba\/index.php?rest_route=\/wp\/v2\/types\/product"}],"replies":[{"embeddable":true,"href":"https:\/\/www.kidzz.ba\/index.php?rest_route=%2Fwp%2Fv2%2Fcomments&post=3911"}],"wp:featuredmedia":[{"embeddable":true,"href":"https:\/\/www.kidzz.ba\/index.php?rest_route=\/wp\/v2\/media\/7378"}],"wp:attachment":[{"href":"https:\/\/www.kidzz.ba\/index.php?rest_route=%2Fwp%2Fv2%2Fmedia&parent=3911"}],"wp:term":[{"taxonomy":"product_cat","embeddable":true,"href":"https:\/\/www.kidzz.ba\/index.php?rest_route=%2Fwp%2Fv2%2Fproduct_cat&post=3911"},{"taxonomy":"product_tag","embeddable":true,"href":"https:\/\/www.kidzz.ba\/index.php?rest_route=%2Fwp%2Fv2%2Fproduct_tag&post=3911"}],"curies":[{"name":"wp","href":"https:\/\/api.w.org\/{rel}","templated":true}]}}