{"id":5061,"date":"2022-11-30T13:24:57","date_gmt":"2022-11-30T13:24:57","guid":{"rendered":"https:\/\/www.kidzz.ba\/novi\/?post_type=product&#038;p=5061"},"modified":"2025-06-17T07:37:22","modified_gmt":"2025-06-17T07:37:22","slug":"kafe-aparat-djeco","status":"publish","type":"product","link":"https:\/\/www.kidzz.ba\/?product=kafe-aparat-djeco","title":{"rendered":"Dje\u010diji kafe aparat od drveta Djeco"},"content":{"rendered":"<p>Dje\u010diji kafe aparat od drveta Djeco &#8211; divni dizajn dje\u010dijeg kafe aparata sa sjajnim dodacima sjajan je kao igra\u010dka i dodatak u dje\u010dijoj kuhinji.<\/p>\n<p>&nbsp;<\/p>\n<p>Dimenzije: 17.5 x 17.9 x 12.2<\/p>\n","protected":false},"excerpt":{"rendered":"<p>Dje\u010diji kafe aparat od drveta Djeco &#8211; divni dizajn dje\u010dijeg kafe aparata sa sjajnim dodacima sjajan je kao igra\u010dka i<\/p>\n","protected":false},"featured_media":9858,"comment_status":"closed","ping_status":"closed","template":"","meta":[],"product_cat":[244,358,300,352,353],"product_tag":[],"_links":{"self":[{"href":"https:\/\/www.kidzz.ba\/index.php?rest_route=\/wp\/v2\/product\/5061"}],"collection":[{"href":"https:\/\/www.kidzz.ba\/index.php?rest_route=\/wp\/v2\/product"}],"about":[{"href":"https:\/\/www.kidzz.ba\/index.php?rest_route=\/wp\/v2\/types\/product"}],"replies":[{"embeddable":true,"href":"https:\/\/www.kidzz.ba\/index.php?rest_route=%2Fwp%2Fv2%2Fcomments&post=5061"}],"wp:featuredmedia":[{"embeddable":true,"href":"https:\/\/www.kidzz.ba\/index.php?rest_route=\/wp\/v2\/media\/9858"}],"wp:attachment":[{"href":"https:\/\/www.kidzz.ba\/index.php?rest_route=%2Fwp%2Fv2%2Fmedia&parent=5061"}],"wp:term":[{"taxonomy":"product_cat","embeddable":true,"href":"https:\/\/www.kidzz.ba\/index.php?rest_route=%2Fwp%2Fv2%2Fproduct_cat&post=5061"},{"taxonomy":"product_tag","embeddable":true,"href":"https:\/\/www.kidzz.ba\/index.php?rest_route=%2Fwp%2Fv2%2Fproduct_tag&post=5061"}],"curies":[{"name":"wp","href":"https:\/\/api.w.org\/{rel}","templated":true}]}}