{"id":5316,"date":"2022-12-03T13:54:19","date_gmt":"2022-12-03T13:54:19","guid":{"rendered":"https:\/\/www.kidzz.ba\/novi\/?post_type=product&#038;p=5316"},"modified":"2025-06-17T07:33:11","modified_gmt":"2025-06-17T07:33:11","slug":"drvena-slagalica-animabasic-djeco","status":"publish","type":"product","link":"https:\/\/www.kidzz.ba\/?product=drvena-slagalica-animabasic-djeco","title":{"rendered":"Drvena slagalica Animabasic Djeco"},"content":{"rendered":"<div id=\"tw-target-text-container\" class=\"tw-ta-container F0azHf tw-nfl\">\n<pre id=\"tw-target-text\" class=\"tw-data-text tw-text-large tw-ta\" data-placeholder=\"Prijevod\"><span class=\"Y2IQFc\" lang=\"bs\">Ova Djeco drvena slagalica za djecu od 18 mjeseci je \u010dvrsta, \u0161arena i taktilna \u0161to je \u010dini privla\u010dnom vrlo maloj djeci.\r\n\r\nJednostavna troslojna slagalica koja se sastoji od kvadrata, kruga i trokuta.\r\nDjeca redaju progresivne dijelove na slagalicu prema obliku i veli\u010dini.\r\nInspirisan Montessori pedagogijom, poma\u017ee u razvoju koordinacije ruka-oko, prepoznavanja oblika, fine motorike i ru\u010dne spretnosti\r\nkod vrlo male djece.\r\n\r\nDimenzije kutije 23cm x 10cm x 2cm<\/span><\/pre>\n<\/div>\n<div id=\"tw-target-rmn-container\" class=\"tw-target-rmn tw-ta-container F0azHf tw-nfl\">\n<pre id=\"tw-target-rmn\" class=\"tw-data-placeholder tw-text-small tw-ta\" data-placeholder=\"\"><\/pre>\n<\/div>\n<div class=\"iYB33c\">\n<div class=\"dlJLJe\">\n<div data-cviv=\"false\" data-ved=\"2ahUKEwjb_bedy6v9AhWhRPEDHT5uCtwQz_AEegQIBRAP\">\n<div class=\"U9URNb\"><\/div>\n<\/div>\n<\/div>\n<div id=\"tw-tmenu\" class=\"tw-menu\"><\/div>\n<\/div>\n","protected":false},"excerpt":{"rendered":"<p>Ova Djeco drvena slagalica za djecu od 18 mjeseci je \u010dvrsta, \u0161arena i taktilna \u0161to je \u010dini privla\u010dnom vrlo maloj<\/p>\n","protected":false},"featured_media":9883,"comment_status":"closed","ping_status":"closed","template":"","meta":[],"product_cat":[244,358,359,300,307,342],"product_tag":[],"_links":{"self":[{"href":"https:\/\/www.kidzz.ba\/index.php?rest_route=\/wp\/v2\/product\/5316"}],"collection":[{"href":"https:\/\/www.kidzz.ba\/index.php?rest_route=\/wp\/v2\/product"}],"about":[{"href":"https:\/\/www.kidzz.ba\/index.php?rest_route=\/wp\/v2\/types\/product"}],"replies":[{"embeddable":true,"href":"https:\/\/www.kidzz.ba\/index.php?rest_route=%2Fwp%2Fv2%2Fcomments&post=5316"}],"wp:featuredmedia":[{"embeddable":true,"href":"https:\/\/www.kidzz.ba\/index.php?rest_route=\/wp\/v2\/media\/9883"}],"wp:attachment":[{"href":"https:\/\/www.kidzz.ba\/index.php?rest_route=%2Fwp%2Fv2%2Fmedia&parent=5316"}],"wp:term":[{"taxonomy":"product_cat","embeddable":true,"href":"https:\/\/www.kidzz.ba\/index.php?rest_route=%2Fwp%2Fv2%2Fproduct_cat&post=5316"},{"taxonomy":"product_tag","embeddable":true,"href":"https:\/\/www.kidzz.ba\/index.php?rest_route=%2Fwp%2Fv2%2Fproduct_tag&post=5316"}],"curies":[{"name":"wp","href":"https:\/\/api.w.org\/{rel}","templated":true}]}}