{"id":5446,"date":"2022-12-12T13:43:51","date_gmt":"2022-12-12T13:43:51","guid":{"rendered":"https:\/\/www.kidzz.ba\/novi\/?post_type=product&#038;p=5446"},"modified":"2024-04-09T12:32:00","modified_gmt":"2024-04-09T12:32:00","slug":"puzzle-contour","status":"publish","type":"product","link":"https:\/\/www.kidzz.ba\/?product=puzzle-contour","title":{"rendered":"Puzzle Contour Scratch Europe"},"content":{"rendered":"<pre id=\"tw-target-text\" class=\"tw-data-text tw-text-large tw-ta\" data-placeholder=\"Prijevod\"><span class=\"Y2IQFc\" lang=\"bs\">Slo\u017eite dijelove slagalice i otkrijte sporu povorku s ljenjivcima,\r\n kornja\u010dama, pu\u017eevima i drugima.\r\n\r\nSlagalica je veli\u010dine 42 cm x 22 cm.\r\n\r\n \r\n\r\nOva slagalica od 35 dijelova dolazi u prekrasnoj okrugloj kutiji.<\/span><\/pre>\n","protected":false},"excerpt":{"rendered":"<p>Slo\u017eite dijelove slagalice i otkrijte sporu povorku s ljenjivcima, kornja\u010dama, pu\u017eevima i drugima. Slagalica je veli\u010dine 42 cm x 22<\/p>\n","protected":false},"featured_media":7616,"comment_status":"closed","ping_status":"closed","template":"","meta":[],"product_cat":[244,300,307,362],"product_tag":[],"_links":{"self":[{"href":"https:\/\/www.kidzz.ba\/index.php?rest_route=\/wp\/v2\/product\/5446"}],"collection":[{"href":"https:\/\/www.kidzz.ba\/index.php?rest_route=\/wp\/v2\/product"}],"about":[{"href":"https:\/\/www.kidzz.ba\/index.php?rest_route=\/wp\/v2\/types\/product"}],"replies":[{"embeddable":true,"href":"https:\/\/www.kidzz.ba\/index.php?rest_route=%2Fwp%2Fv2%2Fcomments&post=5446"}],"wp:featuredmedia":[{"embeddable":true,"href":"https:\/\/www.kidzz.ba\/index.php?rest_route=\/wp\/v2\/media\/7616"}],"wp:attachment":[{"href":"https:\/\/www.kidzz.ba\/index.php?rest_route=%2Fwp%2Fv2%2Fmedia&parent=5446"}],"wp:term":[{"taxonomy":"product_cat","embeddable":true,"href":"https:\/\/www.kidzz.ba\/index.php?rest_route=%2Fwp%2Fv2%2Fproduct_cat&post=5446"},{"taxonomy":"product_tag","embeddable":true,"href":"https:\/\/www.kidzz.ba\/index.php?rest_route=%2Fwp%2Fv2%2Fproduct_tag&post=5446"}],"curies":[{"name":"wp","href":"https:\/\/api.w.org\/{rel}","templated":true}]}}