{"id":9256,"date":"2023-09-13T12:01:28","date_gmt":"2023-09-13T12:01:28","guid":{"rendered":"https:\/\/www.kidzz.ba\/novi\/?post_type=product&#038;p=9256"},"modified":"2026-01-19T13:11:56","modified_gmt":"2026-01-19T13:11:56","slug":"bibs-dude-blush-ivory-vel-3-2","status":"publish","type":"product","link":"https:\/\/www.kidzz.ba\/?product=bibs-dude-blush-ivory-vel-3-2","title":{"rendered":"Bibs dude Blush &amp; Ivory vel.3"},"content":{"rendered":"<p>Bibs dude su proizvodene\u00a0 u Danskoj od 100% prirodne gume (gume drveta kau\u010duka). BIBS cucla\/duda\u00a0 je oblikovana tako da imitira maj\u010dinu bradavicu kako bi se dijete moglo lak\u0161e naviknuti na nju. Cucla je savitljiva i dijete mo\u017ee istisnuti zrak iz nje te se time tako\u0111er opona\u0161a prirodno sisanje bebe dok je na maj\u010dinim grudima. Zbog toga su tako popularne i omiljene na globalnom nivou.<\/p>\n<p>Testirane su u AMTEST i Consumer Lab Denmark laboratorijima na sigurnost i kvalitetu.<\/p>\n<p>Pakovanje: Dvije cucle u pakovanju, veli\u010dina 3 od 18 mjeseci. Materijal:\u00a0100% prirodna guma \u2013 guma drveta kau\u010duka, bez PVC-a, bez BPA i bez ftalata, za\u0161titni materijal: polipropilen (PP).<\/p>\n<p><strong>SterilizacijA\u00a0<\/strong>Sterilizacija BIBS duda se obavlja samo jednom, prije prvog kori\u0161\u0107enja:<\/p>\n<ol>\n<li>Stavite cucle u \u010distu zdjelu. Prelijte ih klju\u010davom vodom.<\/li>\n<li>Ostavite ih da odstoje u vodi 5 minuta.<\/li>\n<li>Izvadite ih iz vode i ostavite ih da se osu\u0161e na \u010distom pe\u0161kiru.<\/li>\n<\/ol>\n<p>Za djecu stariju od 3 mjeseca sterilizacija se mo\u017ee obaviti tako \u0161to \u0107ete staviti cucle u cjediljku i pariti ih iznad klju\u010dale vode. Ovaj metod \u0107e sprije\u010diti ulazak vode kroz ventil cucle, a i daleko je br\u017ei.<\/p>\n<p>Redovno \u010di\u0161\u0107enje cucli je ono \u0161to je najbitnije za odr\u017eavanje njihove higijene. \u0160to je dijete mla\u0111e, to se vi\u0161e mora voditi ra\u010duna o neutralisanju bakterija sa njene povr\u0161ine. Imuni sistem tek ro\u0111enih beba jo\u0161 uvek nije razvijen, pa mu je te\u0161ko da se izbori sa velikim brojem bakterija koje nas svakodnevno okru\u017euju. Stoga se cucle za bebe do 3 mjeseca moraju \u010de\u0161\u0107e \u010distiti od onih za stariju decu:<\/p>\n<ul>\n<li>0-3 mjeseca: Cucle se moraju \u010distiti svaki put kada padnu na pod. U globalu, cucle trebate prati najmanje jednom dnevno.<\/li>\n<li>3+ mjeseci: Ispirati cuclu jednom dnevno ispod mlaza hladne vode, ukoliko je pala na pod.<\/li>\n<\/ul>\n<p><strong>Upozorenje:<\/strong>\u00a0Nemojte prokuhavati BIBS dude! One nisu predvi\u0111ene za iskuhavanje i lako ih mo\u017ee uni\u0161titi voda visoke temperature. Umjesto toga, pratite uputstva iznad i bi\u0107ete sigurni da ste neutralisali sve bakterije bez fizi\u010dkog o\u0161te\u0107enja cucle.<\/p>\n","protected":false},"excerpt":{"rendered":"<p>Bibs dude su proizvodene\u00a0 u Danskoj od 100% prirodne gume (gume drveta kau\u010duka). BIBS cucla\/duda\u00a0 je oblikovana tako da imitira<\/p>\n","protected":false},"featured_media":7975,"comment_status":"closed","ping_status":"closed","template":"","meta":[],"product_cat":[320,244,326,301],"product_tag":[],"_links":{"self":[{"href":"https:\/\/www.kidzz.ba\/index.php?rest_route=\/wp\/v2\/product\/9256"}],"collection":[{"href":"https:\/\/www.kidzz.ba\/index.php?rest_route=\/wp\/v2\/product"}],"about":[{"href":"https:\/\/www.kidzz.ba\/index.php?rest_route=\/wp\/v2\/types\/product"}],"replies":[{"embeddable":true,"href":"https:\/\/www.kidzz.ba\/index.php?rest_route=%2Fwp%2Fv2%2Fcomments&post=9256"}],"wp:featuredmedia":[{"embeddable":true,"href":"https:\/\/www.kidzz.ba\/index.php?rest_route=\/wp\/v2\/media\/7975"}],"wp:attachment":[{"href":"https:\/\/www.kidzz.ba\/index.php?rest_route=%2Fwp%2Fv2%2Fmedia&parent=9256"}],"wp:term":[{"taxonomy":"product_cat","embeddable":true,"href":"https:\/\/www.kidzz.ba\/index.php?rest_route=%2Fwp%2Fv2%2Fproduct_cat&post=9256"},{"taxonomy":"product_tag","embeddable":true,"href":"https:\/\/www.kidzz.ba\/index.php?rest_route=%2Fwp%2Fv2%2Fproduct_tag&post=9256"}],"curies":[{"name":"wp","href":"https:\/\/api.w.org\/{rel}","templated":true}]}}