{"id":9336,"date":"2023-12-02T12:34:28","date_gmt":"2023-12-02T12:34:28","guid":{"rendered":"https:\/\/www.kidzz.ba\/novi\/?post_type=product&#038;p=9336"},"modified":"2025-11-27T08:37:56","modified_gmt":"2025-11-27T08:37:56","slug":"drveni-londonski-autobus-le-toy-van-2","status":"publish","type":"product","link":"https:\/\/www.kidzz.ba\/?product=drveni-londonski-autobus-le-toy-van-2","title":{"rendered":"Drveni Londonski autobus &#8211; Le Toy Van"},"content":{"rendered":"<p><strong>Le Toy Van<\/strong>\u00a0drveni londonski autobus\u00a0<strong>Londoner<\/strong>\u00a0iz kolekcije\u00a0<strong>Cars &amp; Construction<\/strong>\u00a0je veoma popularna drvena igra\u010dka sa krovom koji se mo\u017ee skidati. Krasi je klasi\u010dni vintage dizajn i tradicionalna crvena boja. Autobus mo\u017ee primiti 11 putnika i gume na to\u010dkovima su od prave gume.<\/p>\n<p><strong>Drveni londonski autobus je dobitnik nagrade Right Start Toy i nagrade Junior Design Award 2011!<\/strong><\/p>\n<p>Drveni autobus je savr\u0161ena igra\u010dka za podsticanje razvoja finih motori\u010dkih funkcija, inspiri\u0161e kreativno pri\u010danje pri\u010da i scenaristi\u010dku igru, poti\u010de kreativnu ma\u0161tu, te ima divan i siguran dizajn. Pored toga\u00a0<span lang=\"hr\">razvija koordinaciju \u201cruka-oko\u201d.<\/span><\/p>\n<p>Igra\u010dka je izra\u0111ena od trajnog i odr\u017eivog drveta i ne sadr\u017ei plastiku. Vrlo sigurna igra\u010dka, ukra\u0161ena netoksi\u010dnim bojama i testirana prema najvi\u0161im sigurnosnim standardima.<\/p>\n<p><strong>Karakteristike:<\/strong><\/p>\n<ul>\n<li>Prikladno za uzrast od 3 godine i vi\u0161e<\/li>\n<li>Dimenzije: 36 x 13 x 23 cm<\/li>\n<li>Izra\u0111eno od FSC\u00ae certificiranog drva<\/li>\n<li>Poti\u010de socijalnu i ma\u0161tovitu igru<\/li>\n<li>Eti\u010dki izra\u0111eno s ljubavlju od odr\u017eivog drva<\/li>\n<li>Temeljito testirano kako bi zadovoljilo najvi\u0161e sigurnosne standarde<\/li>\n<li>Ukra\u0161eno vodeno baziranim, netoksi\u010dnim bojama<\/li>\n<\/ul>\n","protected":false},"excerpt":{"rendered":"<p>Le Toy Van\u00a0drveni londonski autobus\u00a0Londoner\u00a0iz kolekcije\u00a0Cars &amp; Construction\u00a0je veoma popularna drvena igra\u010dka sa krovom koji se mo\u017ee skidati. Krasi je<\/p>\n","protected":false},"featured_media":8251,"comment_status":"closed","ping_status":"closed","template":"","meta":[],"product_cat":[335,323,329],"product_tag":[],"_links":{"self":[{"href":"https:\/\/www.kidzz.ba\/index.php?rest_route=\/wp\/v2\/product\/9336"}],"collection":[{"href":"https:\/\/www.kidzz.ba\/index.php?rest_route=\/wp\/v2\/product"}],"about":[{"href":"https:\/\/www.kidzz.ba\/index.php?rest_route=\/wp\/v2\/types\/product"}],"replies":[{"embeddable":true,"href":"https:\/\/www.kidzz.ba\/index.php?rest_route=%2Fwp%2Fv2%2Fcomments&post=9336"}],"wp:featuredmedia":[{"embeddable":true,"href":"https:\/\/www.kidzz.ba\/index.php?rest_route=\/wp\/v2\/media\/8251"}],"wp:attachment":[{"href":"https:\/\/www.kidzz.ba\/index.php?rest_route=%2Fwp%2Fv2%2Fmedia&parent=9336"}],"wp:term":[{"taxonomy":"product_cat","embeddable":true,"href":"https:\/\/www.kidzz.ba\/index.php?rest_route=%2Fwp%2Fv2%2Fproduct_cat&post=9336"},{"taxonomy":"product_tag","embeddable":true,"href":"https:\/\/www.kidzz.ba\/index.php?rest_route=%2Fwp%2Fv2%2Fproduct_tag&post=9336"}],"curies":[{"name":"wp","href":"https:\/\/api.w.org\/{rel}","templated":true}]}}