{"id":9353,"date":"2023-12-06T15:09:02","date_gmt":"2023-12-06T15:09:02","guid":{"rendered":"https:\/\/www.kidzz.ba\/novi\/?post_type=product&#038;p=9353"},"modified":"2025-06-16T10:31:30","modified_gmt":"2025-06-16T10:31:30","slug":"kabanica-super-heroj-djeco-2","status":"publish","type":"product","link":"https:\/\/www.kidzz.ba\/?product=kabanica-super-heroj-djeco-2","title":{"rendered":"Kabanica Super heroj &#8211; Djeco"},"content":{"rendered":"<div class=\"cms-content\">\n<p>Vrijeme je za zabavnu \u0161etnju na ki\u0161i u ovoj preslatkoj kabanici s razli\u010ditim motivima.\u00a0Kabanica je mekana te omogu\u0107uje da \u0161titi va\u0161e dijete \u010dak i od najve\u0107e ki\u0161e, a\u00a0djeca \u0107e se u njoj lako kretati.<\/p>\n<p>Kabanica se lako obla\u010di\u00a0preko glave te je u obliku pelerine.<\/p>\n<p>Namijenjena je djeci od 5 do 7 godina.<\/p>\n<\/div>\n<div class=\"cms-content cd-specs-cnt\">\n<div class=\"cd-attributes-title\">KARAKTERISTIKE<\/div>\n<ul class=\"cd-specs\">\n<li>Spol:\u00a0Dje\u010daci<\/li>\n<li>Spol:\u00a0Djevoj\u010dice<\/li>\n<li>Dob:\u00a05 godina +<\/li>\n<li>Dimenzije:\u00a090 x 46 cm<\/li>\n<\/ul>\n<\/div>\n","protected":false},"excerpt":{"rendered":"<p>Vrijeme je za zabavnu \u0161etnju na ki\u0161i u ovoj preslatkoj kabanici s razli\u010ditim motivima.\u00a0Kabanica je mekana te omogu\u0107uje da \u0161titi<\/p>\n","protected":false},"featured_media":8312,"comment_status":"closed","ping_status":"closed","template":"","meta":[],"product_cat":[358,360,337,375,329],"product_tag":[],"_links":{"self":[{"href":"https:\/\/www.kidzz.ba\/index.php?rest_route=\/wp\/v2\/product\/9353"}],"collection":[{"href":"https:\/\/www.kidzz.ba\/index.php?rest_route=\/wp\/v2\/product"}],"about":[{"href":"https:\/\/www.kidzz.ba\/index.php?rest_route=\/wp\/v2\/types\/product"}],"replies":[{"embeddable":true,"href":"https:\/\/www.kidzz.ba\/index.php?rest_route=%2Fwp%2Fv2%2Fcomments&post=9353"}],"wp:featuredmedia":[{"embeddable":true,"href":"https:\/\/www.kidzz.ba\/index.php?rest_route=\/wp\/v2\/media\/8312"}],"wp:attachment":[{"href":"https:\/\/www.kidzz.ba\/index.php?rest_route=%2Fwp%2Fv2%2Fmedia&parent=9353"}],"wp:term":[{"taxonomy":"product_cat","embeddable":true,"href":"https:\/\/www.kidzz.ba\/index.php?rest_route=%2Fwp%2Fv2%2Fproduct_cat&post=9353"},{"taxonomy":"product_tag","embeddable":true,"href":"https:\/\/www.kidzz.ba\/index.php?rest_route=%2Fwp%2Fv2%2Fproduct_tag&post=9353"}],"curies":[{"name":"wp","href":"https:\/\/api.w.org\/{rel}","templated":true}]}}