{"id":9371,"date":"2023-12-06T17:24:33","date_gmt":"2023-12-06T17:24:33","guid":{"rendered":"https:\/\/www.kidzz.ba\/novi\/?post_type=product&#038;p=9371"},"modified":"2026-03-12T08:58:39","modified_gmt":"2026-03-12T08:58:39","slug":"magnetna-kutija-medo-i-pas-djeco-2","status":"publish","type":"product","link":"https:\/\/www.kidzz.ba\/?product=magnetna-kutija-medo-i-pas-djeco-2","title":{"rendered":"Magnetna kutija Medo i Pas &#8211; Djeco"},"content":{"rendered":"<p>Kada medo i pas zaple\u0161u svoj ples na ovoj muzi\u010dkoj kutiji kre\u0107e prava zabava .<\/p>\n<p>Umiruju\u0107a muzika \u010dini zabavu jo\u0161 ve\u0107om.<\/p>\n<p>12+<\/p>\n","protected":false},"excerpt":{"rendered":"<p>Kada medo i pas zaple\u0161u svoj ples na ovoj muzi\u010dkoj kutiji kre\u0107e prava zabava . Umiruju\u0107a muzika \u010dini zabavu jo\u0161<\/p>\n","protected":false},"featured_media":8358,"comment_status":"closed","ping_status":"closed","template":"","meta":[],"product_cat":[358,343,329,342],"product_tag":[],"_links":{"self":[{"href":"https:\/\/www.kidzz.ba\/index.php?rest_route=\/wp\/v2\/product\/9371"}],"collection":[{"href":"https:\/\/www.kidzz.ba\/index.php?rest_route=\/wp\/v2\/product"}],"about":[{"href":"https:\/\/www.kidzz.ba\/index.php?rest_route=\/wp\/v2\/types\/product"}],"replies":[{"embeddable":true,"href":"https:\/\/www.kidzz.ba\/index.php?rest_route=%2Fwp%2Fv2%2Fcomments&post=9371"}],"wp:featuredmedia":[{"embeddable":true,"href":"https:\/\/www.kidzz.ba\/index.php?rest_route=\/wp\/v2\/media\/8358"}],"wp:attachment":[{"href":"https:\/\/www.kidzz.ba\/index.php?rest_route=%2Fwp%2Fv2%2Fmedia&parent=9371"}],"wp:term":[{"taxonomy":"product_cat","embeddable":true,"href":"https:\/\/www.kidzz.ba\/index.php?rest_route=%2Fwp%2Fv2%2Fproduct_cat&post=9371"},{"taxonomy":"product_tag","embeddable":true,"href":"https:\/\/www.kidzz.ba\/index.php?rest_route=%2Fwp%2Fv2%2Fproduct_tag&post=9371"}],"curies":[{"name":"wp","href":"https:\/\/api.w.org\/{rel}","templated":true}]}}