{"id":9381,"date":"2023-12-09T13:16:39","date_gmt":"2023-12-09T13:16:39","guid":{"rendered":"https:\/\/www.kidzz.ba\/novi\/?post_type=product&#038;p=9381"},"modified":"2026-02-05T14:11:50","modified_gmt":"2026-02-05T14:11:50","slug":"djecija-baby-kolica-djeco-2","status":"publish","type":"product","link":"https:\/\/www.kidzz.ba\/?product=djecija-baby-kolica-djeco-2","title":{"rendered":"Kolica za lutke   Sunce- Djeco"},"content":{"rendered":"<pre id=\"tw-target-text\" class=\"tw-data-text tw-text-large tw-ta\" data-placeholder=\"Prijevod\" data-ved=\"2ahUKEwjBj_Cxp4KDAxUVR_EDHehhCGgQ3ewLegQICBAQ\"><span class=\"Y2IQFc\" lang=\"bs\">Ova kolica \u0107e biti odli\u010dna za lijepe \u0161etnje, unutra ili van.\r\n\r\nNeophodan dodatak za \u0161etnje sa va\u0161om lutkom!\r\n\r\n- Pogodno za bebe lutke veli\u010dine 30\u201336 cm.\r\n- Oblo\u017eeno pamu\u010dno sjedi\u0161te lako se \u010disti sun\u0111erom i vodom sa sapunom.\r\n- Lako se sklapa\r\n- Kompaktan i lagan: lako ponijeti bilo gdje.\r\n\r\n<\/span><\/pre>\n","protected":false},"excerpt":{"rendered":"<p>Ova kolica \u0107e biti odli\u010dna za lijepe \u0161etnje, unutra ili van. Neophodan dodatak za \u0161etnje sa va\u0161om lutkom! &#8211; Pogodno<\/p>\n","protected":false},"featured_media":8721,"comment_status":"closed","ping_status":"closed","template":"","meta":[],"product_cat":[358,371,329],"product_tag":[],"_links":{"self":[{"href":"https:\/\/www.kidzz.ba\/index.php?rest_route=\/wp\/v2\/product\/9381"}],"collection":[{"href":"https:\/\/www.kidzz.ba\/index.php?rest_route=\/wp\/v2\/product"}],"about":[{"href":"https:\/\/www.kidzz.ba\/index.php?rest_route=\/wp\/v2\/types\/product"}],"replies":[{"embeddable":true,"href":"https:\/\/www.kidzz.ba\/index.php?rest_route=%2Fwp%2Fv2%2Fcomments&post=9381"}],"wp:featuredmedia":[{"embeddable":true,"href":"https:\/\/www.kidzz.ba\/index.php?rest_route=\/wp\/v2\/media\/8721"}],"wp:attachment":[{"href":"https:\/\/www.kidzz.ba\/index.php?rest_route=%2Fwp%2Fv2%2Fmedia&parent=9381"}],"wp:term":[{"taxonomy":"product_cat","embeddable":true,"href":"https:\/\/www.kidzz.ba\/index.php?rest_route=%2Fwp%2Fv2%2Fproduct_cat&post=9381"},{"taxonomy":"product_tag","embeddable":true,"href":"https:\/\/www.kidzz.ba\/index.php?rest_route=%2Fwp%2Fv2%2Fproduct_tag&post=9381"}],"curies":[{"name":"wp","href":"https:\/\/api.w.org\/{rel}","templated":true}]}}