{"id":9396,"date":"2023-12-09T16:11:15","date_gmt":"2023-12-09T16:11:15","guid":{"rendered":"https:\/\/www.kidzz.ba\/novi\/?post_type=product&#038;p=9396"},"modified":"2025-06-16T09:24:44","modified_gmt":"2025-06-16T09:24:44","slug":"drustvena-igra-mala-saradnja-djeco-2","status":"publish","type":"product","link":"https:\/\/www.kidzz.ba\/?product=drustvena-igra-mala-saradnja-djeco-2","title":{"rendered":"Dru\u0161tvena igra Mala saradnja &#8211; Djeco"},"content":{"rendered":"<p>Ako ste se pitali da li postoji dru\u0161tvena igra za najmla\u0111e, odgovor je DA!<\/p>\n<p>Mala saradnja je savr\u0161ena za najmla\u0111e i njihov ulazak u svijet dru\u0161tvenih igara.<\/p>\n<p>Predvi\u0111ena je za 2-4 igra\u010da sa figuricama pingvina, polarnog mede, lisice i zeca.<\/p>\n<p>Ove \u010detiri \u017eivotinjice poku\u0161avaju do\u0107i do iglua kre\u0107u\u0107i se po ledenom mostu. Cilj je pre\u0107i most prije nego se on uru\u0161i.<\/p>\n<p>Figurice se ne dodjeljuju igra\u010dima. Igra\u010di se smjenjuju ali se svaki put dogovaraju koju figuricu \u0107e pomjeriti sljede\u0107u, a sve to sa istim ciljem \u2013 da \u017eivotinjice sigurno stignu do iglua!<\/p>\n<p>Na ovaj na\u010din djeca u\u010de da igraju i pobje\u0111uju zajedno.<\/p>\n<p>Kockica je ilustrovana, ne sadr\u017ei brojeve, a sama pravila su prili\u010dno jednostavna te \u0107e ih djeca sa lako\u0107om savladati.<\/p>\n","protected":false},"excerpt":{"rendered":"<p>Ako ste se pitali da li postoji dru\u0161tvena igra za najmla\u0111e, odgovor je DA! Mala saradnja je savr\u0161ena za najmla\u0111e<\/p>\n","protected":false},"featured_media":8762,"comment_status":"closed","ping_status":"closed","template":"","meta":[],"product_cat":[358,308,359,329],"product_tag":[],"_links":{"self":[{"href":"https:\/\/www.kidzz.ba\/index.php?rest_route=\/wp\/v2\/product\/9396"}],"collection":[{"href":"https:\/\/www.kidzz.ba\/index.php?rest_route=\/wp\/v2\/product"}],"about":[{"href":"https:\/\/www.kidzz.ba\/index.php?rest_route=\/wp\/v2\/types\/product"}],"replies":[{"embeddable":true,"href":"https:\/\/www.kidzz.ba\/index.php?rest_route=%2Fwp%2Fv2%2Fcomments&post=9396"}],"wp:featuredmedia":[{"embeddable":true,"href":"https:\/\/www.kidzz.ba\/index.php?rest_route=\/wp\/v2\/media\/8762"}],"wp:attachment":[{"href":"https:\/\/www.kidzz.ba\/index.php?rest_route=%2Fwp%2Fv2%2Fmedia&parent=9396"}],"wp:term":[{"taxonomy":"product_cat","embeddable":true,"href":"https:\/\/www.kidzz.ba\/index.php?rest_route=%2Fwp%2Fv2%2Fproduct_cat&post=9396"},{"taxonomy":"product_tag","embeddable":true,"href":"https:\/\/www.kidzz.ba\/index.php?rest_route=%2Fwp%2Fv2%2Fproduct_tag&post=9396"}],"curies":[{"name":"wp","href":"https:\/\/api.w.org\/{rel}","templated":true}]}}