{"id":9398,"date":"2023-12-11T13:06:11","date_gmt":"2023-12-11T13:06:11","guid":{"rendered":"https:\/\/www.kidzz.ba\/novi\/?post_type=product&#038;p=9398"},"modified":"2025-06-16T09:25:59","modified_gmt":"2025-06-16T09:25:59","slug":"drustvena-igra-malo-srece-djeco-2","status":"publish","type":"product","link":"https:\/\/www.kidzz.ba\/?product=drustvena-igra-malo-srece-djeco-2","title":{"rendered":"Dru\u0161tvena igra Malo sre\u0107e &#8211; Djeco"},"content":{"rendered":"<pre id=\"tw-target-text\" class=\"tw-data-text tw-text-large tw-ta\" data-placeholder=\"Prijevod\" data-ved=\"2ahUKEwip15yTqoeDAxVig_0HHWnFDnYQ3ewLegQIBRAQ\"><span class=\"Y2IQFc\" lang=\"bs\">Igra na sre\u0107u i pam\u0107enje. \r\nMali mi\u0161evi se utrkuju da skupe komadi\u0107e sira. \r\nAli da bi napredovali du\u017e putanje, moraju otkriti koja je boja skrivena ispod sljede\u0107eg kvadrata. \r\nUvod u igre na sre\u0107u i pam\u0107enje za uzrast od 2\u00bd i vi\u0161e godina. \r\nPobolj\u0161ava vizuelno pam\u0107enje i vje\u0161tine posmatranja. \r\nPrekrasne figurice \u017eivotinja koje \u0107e djecu uroniti u pri\u010du o igrici. \r\n\u010cvrsti, vrhunski materijali koji su laki za male ruke: jumbo kocke, debele karte i figurice od meke plastike. \r\nJednostavna, lako razumljiva pravila. \r\nKratko trajanje da odgovara malom rasponu pa\u017enje. \r\nZa kvalitetno dru\u017eenje odraslih i djece. \r\nPrvi igra\u010d koji nabavi 1 kompletan sir, tj. 4 komada sira, pobje\u0111uje u igri! \r\nIgra za 2 igra\u010da. \r\nSet sadr\u017ei 24 dvobojne tezge, 2 vinil mi\u0161a i 8 komada sira. \r\nIzra\u0111en od papira i kartona sa FSC\u00ae certifikatom. \r\nPogodno od 2,5 godine.<\/span><\/pre>\n","protected":false},"excerpt":{"rendered":"<p>Igra na sre\u0107u i pam\u0107enje. Mali mi\u0161evi se utrkuju da skupe komadi\u0107e sira. Ali da bi napredovali du\u017e putanje, moraju<\/p>\n","protected":false},"featured_media":8769,"comment_status":"closed","ping_status":"closed","template":"","meta":[],"product_cat":[358,308,329],"product_tag":[],"_links":{"self":[{"href":"https:\/\/www.kidzz.ba\/index.php?rest_route=\/wp\/v2\/product\/9398"}],"collection":[{"href":"https:\/\/www.kidzz.ba\/index.php?rest_route=\/wp\/v2\/product"}],"about":[{"href":"https:\/\/www.kidzz.ba\/index.php?rest_route=\/wp\/v2\/types\/product"}],"replies":[{"embeddable":true,"href":"https:\/\/www.kidzz.ba\/index.php?rest_route=%2Fwp%2Fv2%2Fcomments&post=9398"}],"wp:featuredmedia":[{"embeddable":true,"href":"https:\/\/www.kidzz.ba\/index.php?rest_route=\/wp\/v2\/media\/8769"}],"wp:attachment":[{"href":"https:\/\/www.kidzz.ba\/index.php?rest_route=%2Fwp%2Fv2%2Fmedia&parent=9398"}],"wp:term":[{"taxonomy":"product_cat","embeddable":true,"href":"https:\/\/www.kidzz.ba\/index.php?rest_route=%2Fwp%2Fv2%2Fproduct_cat&post=9398"},{"taxonomy":"product_tag","embeddable":true,"href":"https:\/\/www.kidzz.ba\/index.php?rest_route=%2Fwp%2Fv2%2Fproduct_tag&post=9398"}],"curies":[{"name":"wp","href":"https:\/\/api.w.org\/{rel}","templated":true}]}}