{"id":9544,"date":"2024-01-13T12:25:02","date_gmt":"2024-01-13T12:25:02","guid":{"rendered":"https:\/\/www.kidzz.ba\/?post_type=product&#038;p=9544"},"modified":"2025-06-16T10:06:18","modified_gmt":"2025-06-16T10:06:18","slug":"voce-na-rezanje-tooky-toy","status":"publish","type":"product","link":"https:\/\/www.kidzz.ba\/?product=voce-na-rezanje-tooky-toy","title":{"rendered":"Vo\u0107e na rezanje &#8211; Tooky Toy"},"content":{"rendered":"<p>Ova igra poma\u017ee djeci pri razvijanju koordinacije oko-ruka kao i kreativnosti.<br \/>\nSet od 4 vrste vo\u0107a i no\u017ei\u0107 za rezanje vo\u0107a prikazuje djeci kako to zaista izgleda rezati ne\u0161to na plo\u010di kad roditelji to rade.<br \/>\nDimenzije: 22x15x2.5cm<br \/>\nUzrast: 12m+<\/p>\n","protected":false},"excerpt":{"rendered":"<p>Ova igra poma\u017ee djeci pri razvijanju koordinacije oko-ruka kao i kreativnosti. Set od 4 vrste vo\u0107a i no\u017ei\u0107 za rezanje<\/p>\n","protected":false},"featured_media":9545,"comment_status":"open","ping_status":"closed","template":"","meta":[],"product_cat":[300,353,329,319],"product_tag":[],"_links":{"self":[{"href":"https:\/\/www.kidzz.ba\/index.php?rest_route=\/wp\/v2\/product\/9544"}],"collection":[{"href":"https:\/\/www.kidzz.ba\/index.php?rest_route=\/wp\/v2\/product"}],"about":[{"href":"https:\/\/www.kidzz.ba\/index.php?rest_route=\/wp\/v2\/types\/product"}],"replies":[{"embeddable":true,"href":"https:\/\/www.kidzz.ba\/index.php?rest_route=%2Fwp%2Fv2%2Fcomments&post=9544"}],"wp:featuredmedia":[{"embeddable":true,"href":"https:\/\/www.kidzz.ba\/index.php?rest_route=\/wp\/v2\/media\/9545"}],"wp:attachment":[{"href":"https:\/\/www.kidzz.ba\/index.php?rest_route=%2Fwp%2Fv2%2Fmedia&parent=9544"}],"wp:term":[{"taxonomy":"product_cat","embeddable":true,"href":"https:\/\/www.kidzz.ba\/index.php?rest_route=%2Fwp%2Fv2%2Fproduct_cat&post=9544"},{"taxonomy":"product_tag","embeddable":true,"href":"https:\/\/www.kidzz.ba\/index.php?rest_route=%2Fwp%2Fv2%2Fproduct_tag&post=9544"}],"curies":[{"name":"wp","href":"https:\/\/api.w.org\/{rel}","templated":true}]}}