{"id":9825,"date":"2024-02-22T13:44:56","date_gmt":"2024-02-22T13:44:56","guid":{"rendered":"https:\/\/www.kidzz.ba\/?post_type=product&#038;p=9825"},"modified":"2025-06-16T09:05:06","modified_gmt":"2025-06-16T09:05:06","slug":"veliki-kafe-aparat-little-dutch","status":"publish","type":"product","link":"https:\/\/www.kidzz.ba\/?product=veliki-kafe-aparat-little-dutch","title":{"rendered":"Veliki kafe aparat &#8211; Little Dutch"},"content":{"rendered":"<pre id=\"tw-target-text\" class=\"tw-data-text tw-text-large tw-ta\" dir=\"ltr\" data-placeholder=\"Prijevod\" data-ved=\"2ahUKEwi4zeTr3r6EAxVkXvEDHV8NBkIQ3ewLegQIBRAU\"><span class=\"Y2IQFc\" lang=\"bs\">Kafa ili \u010daj? \r\n\u017delite li kola\u010di\u0107 ili tortu? \r\nSa ovim prekrasnim drvenim kompletom igra\u010daka odmah imate mjesto za igru \u200b\u200bu ku\u0107i. \r\nPostanite pravi barista i napravite mami i tati finu \u0161oljicu kapu\u010dina sa sopstvenim aparatom za kafu. \r\nIli poslu\u017eite stolove u vlastitom malom kafi\u0107u s menijem punim ukusnih poslastica.\r\n<\/span><\/pre>\n","protected":false},"excerpt":{"rendered":"<p>Kafa ili \u010daj? \u017delite li kola\u010di\u0107 ili tortu? Sa ovim prekrasnim drvenim kompletom igra\u010daka odmah imate mjesto za igru \u200b\u200bu<\/p>\n","protected":false},"featured_media":9826,"comment_status":"open","ping_status":"closed","template":"","meta":[],"product_cat":[352,353,386,329],"product_tag":[],"_links":{"self":[{"href":"https:\/\/www.kidzz.ba\/index.php?rest_route=\/wp\/v2\/product\/9825"}],"collection":[{"href":"https:\/\/www.kidzz.ba\/index.php?rest_route=\/wp\/v2\/product"}],"about":[{"href":"https:\/\/www.kidzz.ba\/index.php?rest_route=\/wp\/v2\/types\/product"}],"replies":[{"embeddable":true,"href":"https:\/\/www.kidzz.ba\/index.php?rest_route=%2Fwp%2Fv2%2Fcomments&post=9825"}],"wp:featuredmedia":[{"embeddable":true,"href":"https:\/\/www.kidzz.ba\/index.php?rest_route=\/wp\/v2\/media\/9826"}],"wp:attachment":[{"href":"https:\/\/www.kidzz.ba\/index.php?rest_route=%2Fwp%2Fv2%2Fmedia&parent=9825"}],"wp:term":[{"taxonomy":"product_cat","embeddable":true,"href":"https:\/\/www.kidzz.ba\/index.php?rest_route=%2Fwp%2Fv2%2Fproduct_cat&post=9825"},{"taxonomy":"product_tag","embeddable":true,"href":"https:\/\/www.kidzz.ba\/index.php?rest_route=%2Fwp%2Fv2%2Fproduct_tag&post=9825"}],"curies":[{"name":"wp","href":"https:\/\/api.w.org\/{rel}","templated":true}]}}